{"id":1291,"date":"2022-12-05T14:44:59","date_gmt":"2022-12-05T14:44:59","guid":{"rendered":"https:\/\/drmartel.ca\/blog\/"},"modified":"2023-04-27T17:24:20","modified_gmt":"2023-04-27T17:24:20","slug":"blog","status":"publish","type":"page","link":"https:\/\/drmartel.ca\/fr\/blog\/","title":{"rendered":"Blog"},"content":{"rendered":"\t\t<div data-elementor-type=\"wp-page\" data-elementor-id=\"1291\" class=\"elementor elementor-1291 elementor-85\" data-elementor-post-type=\"page\">\n\t\t\t\t<div class=\"elementor-element elementor-element-3deecb74 e-flex e-con-boxed e-con e-parent\" data-id=\"3deecb74\" data-element_type=\"container\" data-e-type=\"container\" data-settings=\"{&quot;background_background&quot;:&quot;classic&quot;,&quot;_ob_use_container_extras&quot;:&quot;no&quot;,&quot;_ob_column_hoveranimator&quot;:&quot;no&quot;,&quot;_ob_glider_is_slider&quot;:&quot;no&quot;,&quot;_ob_column_has_pseudo&quot;:&quot;no&quot;}\">\n\t\t\t\t\t<div class=\"e-con-inner\">\n\t\t\t\t<div class=\"elementor-element elementor-element-5801c8a1 ob-harakiri-inherit ob-has-background-overlay elementor-widget elementor-widget-heading\" data-id=\"5801c8a1\" data-element_type=\"widget\" data-e-type=\"widget\" data-settings=\"{&quot;_ob_use_harakiri&quot;:&quot;yes&quot;,&quot;_ob_harakiri_writing_mode&quot;:&quot;inherit&quot;,&quot;_ob_harakiri_text_clip&quot;:&quot;none&quot;,&quot;_ob_widget_stalker_use&quot;:&quot;no&quot;,&quot;_ob_poopart_use&quot;:&quot;yes&quot;,&quot;_ob_shadough_use&quot;:&quot;no&quot;,&quot;_ob_allow_hoveranimator&quot;:&quot;no&quot;}\" data-widget_type=\"heading.default\">\n\t\t\t\t<div class=\"elementor-widget-container\">\n\t\t\t\t\t<h2 class=\"elementor-heading-title elementor-size-default\">Lire la suite<\/h2>\t\t\t\t<\/div>\n\t\t\t\t<\/div>\n\t\t\t\t<div class=\"elementor-element elementor-element-3f0962ce ob-harakiri-inherit ob-has-background-overlay elementor-widget elementor-widget-heading\" data-id=\"3f0962ce\" data-element_type=\"widget\" data-e-type=\"widget\" data-settings=\"{&quot;_ob_use_harakiri&quot;:&quot;yes&quot;,&quot;_ob_harakiri_writing_mode&quot;:&quot;inherit&quot;,&quot;_ob_harakiri_text_clip&quot;:&quot;none&quot;,&quot;_ob_widget_stalker_use&quot;:&quot;no&quot;,&quot;_ob_poopart_use&quot;:&quot;yes&quot;,&quot;_ob_shadough_use&quot;:&quot;no&quot;,&quot;_ob_allow_hoveranimator&quot;:&quot;no&quot;}\" data-widget_type=\"heading.default\">\n\t\t\t\t<div class=\"elementor-widget-container\">\n\t\t\t\t\t<h2 class=\"elementor-heading-title elementor-size-default\">Blog<\/h2>\t\t\t\t<\/div>\n\t\t\t\t<\/div>\n\t\t\t\t\t<\/div>\n\t\t\t\t<\/div>\n\t\t<div class=\"elementor-element elementor-element-7f615d79 e-flex e-con-boxed e-con e-parent\" data-id=\"7f615d79\" data-element_type=\"container\" data-e-type=\"container\" data-settings=\"{&quot;background_background&quot;:&quot;classic&quot;,&quot;_ob_use_container_extras&quot;:&quot;no&quot;,&quot;_ob_column_hoveranimator&quot;:&quot;no&quot;,&quot;_ob_glider_is_slider&quot;:&quot;no&quot;,&quot;_ob_column_has_pseudo&quot;:&quot;no&quot;}\">\n\t\t\t\t\t<div class=\"e-con-inner\">\n\t\t\t\t<div class=\"elementor-element elementor-element-d4e4515 elementor-grid-3 elementor-grid-tablet-2 elementor-grid-mobile-1 elementor-posts--thumbnail-top elementor-posts__hover-gradient load-more-align-center ob-has-background-overlay elementor-widget elementor-widget-posts\" data-id=\"d4e4515\" data-element_type=\"widget\" data-e-type=\"widget\" data-settings=\"{&quot;cards_row_gap&quot;:{&quot;unit&quot;:&quot;px&quot;,&quot;size&quot;:40,&quot;sizes&quot;:[]},&quot;pagination_type&quot;:&quot;load_more_on_click&quot;,&quot;_ob_steroids_overlay_popover_whyxrot&quot;:&quot;yes&quot;,&quot;cards_columns&quot;:&quot;3&quot;,&quot;cards_columns_tablet&quot;:&quot;2&quot;,&quot;cards_columns_mobile&quot;:&quot;1&quot;,&quot;cards_row_gap_tablet&quot;:{&quot;unit&quot;:&quot;px&quot;,&quot;size&quot;:&quot;&quot;,&quot;sizes&quot;:[]},&quot;cards_row_gap_mobile&quot;:{&quot;unit&quot;:&quot;px&quot;,&quot;size&quot;:&quot;&quot;,&quot;sizes&quot;:[]},&quot;load_more_spinner&quot;:{&quot;value&quot;:&quot;fas fa-spinner&quot;,&quot;library&quot;:&quot;fa-solid&quot;},&quot;_ob_widget_stalker_use&quot;:&quot;no&quot;,&quot;_ob_poopart_use&quot;:&quot;yes&quot;,&quot;_ob_shadough_use&quot;:&quot;no&quot;,&quot;_ob_allow_hoveranimator&quot;:&quot;no&quot;}\" data-widget_type=\"posts.cards\">\n\t\t\t\t<div class=\"elementor-widget-container\">\n\t\t\t\t\t\t\t<div class=\"elementor-posts-container elementor-posts elementor-posts--skin-cards elementor-grid\" role=\"list\">\n\t\t\t\t<article class=\"elementor-post elementor-grid-item post-1309 post type-post status-publish format-standard has-post-thumbnail hentry category-psychologie\" role=\"listitem\">\n\t\t\t<div class=\"elementor-post__card\">\n\t\t\t\t<a class=\"elementor-post__thumbnail__link\" href=\"https:\/\/drmartel.ca\/fr\/lapproche-de-la-troisieme-vague-un-resume\/\" tabindex=\"-1\" ><div class=\"elementor-post__thumbnail\"><img fetchpriority=\"high\" decoding=\"async\" width=\"1920\" height=\"2560\" src=\"https:\/\/drmartel.ca\/wp-content\/uploads\/2023\/02\/ines-alvarez-fdez-_HHjiseEuGw-unsplash-scaled.jpg\" class=\"attachment-full size-full wp-image-1228\" alt=\"\" srcset=\"https:\/\/drmartel.ca\/wp-content\/uploads\/2023\/02\/ines-alvarez-fdez-_HHjiseEuGw-unsplash-scaled.jpg 1920w, https:\/\/drmartel.ca\/wp-content\/uploads\/2023\/02\/ines-alvarez-fdez-_HHjiseEuGw-unsplash-225x300.jpg 225w, https:\/\/drmartel.ca\/wp-content\/uploads\/2023\/02\/ines-alvarez-fdez-_HHjiseEuGw-unsplash-768x1024.jpg 768w, https:\/\/drmartel.ca\/wp-content\/uploads\/2023\/02\/ines-alvarez-fdez-_HHjiseEuGw-unsplash-1152x1536.jpg 1152w, https:\/\/drmartel.ca\/wp-content\/uploads\/2023\/02\/ines-alvarez-fdez-_HHjiseEuGw-unsplash-1536x2048.jpg 1536w\" sizes=\"(max-width: 1920px) 100vw, 1920px\" \/><\/div><\/a>\n\t\t\t\t<div class=\"elementor-post__badge\">Psychologie<\/div>\n\t\t\t\t<div class=\"elementor-post__text\">\n\t\t\t\t<h3 class=\"elementor-post__title\">\n\t\t\t<a href=\"https:\/\/drmartel.ca\/fr\/lapproche-de-la-troisieme-vague-un-resume\/\" >\n\t\t\t\tL&rsquo;approche de la troisi\u00e8me vague : Un r\u00e9sum\u00e9\t\t\t<\/a>\n\t\t<\/h3>\n\t\t\t\t<div class=\"elementor-post__excerpt\">\n\t\t\t<p>Le domaine de la psychologie est tr\u00e8s vaste. Il existe de nombreuses approches psychoth\u00e9rapeutiques et il peut \u00eatre difficile de savoir laquelle est la bonne<\/p>\n\t\t<\/div>\n\t\t\t\t\t<div class=\"elementor-post__read-more-wrapper\">\n\t\t\n\t\t<a class=\"elementor-post__read-more\" href=\"https:\/\/drmartel.ca\/fr\/lapproche-de-la-troisieme-vague-un-resume\/\" aria-label=\"En savoir plus sur L&rsquo;approche de la troisi\u00e8me vague : Un r\u00e9sum\u00e9\" tabindex=\"-1\" >\n\t\t\tLire plus \"\t\t<\/a>\n\n\t\t\t\t\t<\/div>\n\t\t\t\t<\/div>\n\t\t\t\t\t<\/div>\n\t\t<\/article>\n\t\t\t\t<article class=\"elementor-post elementor-grid-item post-1303 post type-post status-publish format-standard has-post-thumbnail hentry category-psychologie category-rendez-vous-virtuels\" role=\"listitem\">\n\t\t\t<div class=\"elementor-post__card\">\n\t\t\t\t<a class=\"elementor-post__thumbnail__link\" href=\"https:\/\/drmartel.ca\/fr\/a-quoi-sattendre-lors-de-votre-premiere-seance-de-therapie-accueil\/\" tabindex=\"-1\" ><div class=\"elementor-post__thumbnail\"><img decoding=\"async\" width=\"2560\" height=\"1707\" src=\"https:\/\/drmartel.ca\/wp-content\/uploads\/2022\/12\/blog-what-to-expect-during-your-first-therapy-session-scaled.jpg\" class=\"attachment-full size-full wp-image-1223\" alt=\"\" srcset=\"https:\/\/drmartel.ca\/wp-content\/uploads\/2022\/12\/blog-what-to-expect-during-your-first-therapy-session-scaled.jpg 2560w, https:\/\/drmartel.ca\/wp-content\/uploads\/2022\/12\/blog-what-to-expect-during-your-first-therapy-session-300x200.jpg 300w, https:\/\/drmartel.ca\/wp-content\/uploads\/2022\/12\/blog-what-to-expect-during-your-first-therapy-session-1024x683.jpg 1024w, https:\/\/drmartel.ca\/wp-content\/uploads\/2022\/12\/blog-what-to-expect-during-your-first-therapy-session-768x512.jpg 768w, https:\/\/drmartel.ca\/wp-content\/uploads\/2022\/12\/blog-what-to-expect-during-your-first-therapy-session-1536x1024.jpg 1536w, https:\/\/drmartel.ca\/wp-content\/uploads\/2022\/12\/blog-what-to-expect-during-your-first-therapy-session-2048x1366.jpg 2048w\" sizes=\"(max-width: 2560px) 100vw, 2560px\" \/><\/div><\/a>\n\t\t\t\t<div class=\"elementor-post__badge\">Psychologie<\/div>\n\t\t\t\t<div class=\"elementor-post__text\">\n\t\t\t\t<h3 class=\"elementor-post__title\">\n\t\t\t<a href=\"https:\/\/drmartel.ca\/fr\/a-quoi-sattendre-lors-de-votre-premiere-seance-de-therapie-accueil\/\" >\n\t\t\t\t\u00c0 quoi s&rsquo;attendre lors de votre premi\u00e8re s\u00e9ance de th\u00e9rapie (s\u00e9ance d&rsquo;accueil) ?\t\t\t<\/a>\n\t\t<\/h3>\n\t\t\t\t<div class=\"elementor-post__excerpt\">\n\t\t\t<p>Rencontrer un(e) psychologue pour la premi\u00e8re fois peut \u00eatre intimidant pour beaucoup de gens. Dans cet article, j&rsquo;ai l&rsquo;intention de d\u00e9crire ce qui se passe<\/p>\n\t\t<\/div>\n\t\t\t\t\t<div class=\"elementor-post__read-more-wrapper\">\n\t\t\n\t\t<a class=\"elementor-post__read-more\" href=\"https:\/\/drmartel.ca\/fr\/a-quoi-sattendre-lors-de-votre-premiere-seance-de-therapie-accueil\/\" aria-label=\"En savoir plus sur \u00c0 quoi s&rsquo;attendre lors de votre premi\u00e8re s\u00e9ance de th\u00e9rapie (s\u00e9ance d&rsquo;accueil) ?\" tabindex=\"-1\" >\n\t\t\tLire plus \"\t\t<\/a>\n\n\t\t\t\t\t<\/div>\n\t\t\t\t<\/div>\n\t\t\t\t\t<\/div>\n\t\t<\/article>\n\t\t\t\t<article class=\"elementor-post elementor-grid-item post-1306 post type-post status-publish format-standard has-post-thumbnail hentry category-psychologie category-rendez-vous-virtuels\" role=\"listitem\">\n\t\t\t<div class=\"elementor-post__card\">\n\t\t\t\t<a class=\"elementor-post__thumbnail__link\" href=\"https:\/\/drmartel.ca\/fr\/5-conseils-pour-vous-aider-a-preparer-votre-rendez-vous-virtuel\/\" tabindex=\"-1\" ><div class=\"elementor-post__thumbnail\"><img decoding=\"async\" width=\"2048\" height=\"2560\" src=\"https:\/\/drmartel.ca\/wp-content\/uploads\/2022\/12\/blog-5-tips-to-help-you-prepare-scaled.jpg\" class=\"attachment-full size-full wp-image-1222\" alt=\"\" srcset=\"https:\/\/drmartel.ca\/wp-content\/uploads\/2022\/12\/blog-5-tips-to-help-you-prepare-scaled.jpg 2048w, https:\/\/drmartel.ca\/wp-content\/uploads\/2022\/12\/blog-5-tips-to-help-you-prepare-240x300.jpg 240w, https:\/\/drmartel.ca\/wp-content\/uploads\/2022\/12\/blog-5-tips-to-help-you-prepare-819x1024.jpg 819w, https:\/\/drmartel.ca\/wp-content\/uploads\/2022\/12\/blog-5-tips-to-help-you-prepare-768x960.jpg 768w, https:\/\/drmartel.ca\/wp-content\/uploads\/2022\/12\/blog-5-tips-to-help-you-prepare-1229x1536.jpg 1229w, https:\/\/drmartel.ca\/wp-content\/uploads\/2022\/12\/blog-5-tips-to-help-you-prepare-1638x2048.jpg 1638w\" sizes=\"(max-width: 2048px) 100vw, 2048px\" \/><\/div><\/a>\n\t\t\t\t<div class=\"elementor-post__badge\">Psychologie<\/div>\n\t\t\t\t<div class=\"elementor-post__text\">\n\t\t\t\t<h3 class=\"elementor-post__title\">\n\t\t\t<a href=\"https:\/\/drmartel.ca\/fr\/5-conseils-pour-vous-aider-a-preparer-votre-rendez-vous-virtuel\/\" >\n\t\t\t\t5 conseils pour vous aider \u00e0 pr\u00e9parer votre rendez-vous virtuel\t\t\t<\/a>\n\t\t<\/h3>\n\t\t\t\t<div class=\"elementor-post__excerpt\">\n\t\t\t<p>Trouvez un espace calme et priv\u00e9 Il peut s&rsquo;agir d&rsquo;une pi\u00e8ce d\u00e9sign\u00e9e dans votre maison o\u00f9 vous avez vos rendez-vous th\u00e9rapeutiques. Id\u00e9alement, il s&rsquo;agit d&rsquo;un<\/p>\n\t\t<\/div>\n\t\t\t\t\t<div class=\"elementor-post__read-more-wrapper\">\n\t\t\n\t\t<a class=\"elementor-post__read-more\" href=\"https:\/\/drmartel.ca\/fr\/5-conseils-pour-vous-aider-a-preparer-votre-rendez-vous-virtuel\/\" aria-label=\"En savoir plus sur 5 conseils pour vous aider \u00e0 pr\u00e9parer votre rendez-vous virtuel\" tabindex=\"-1\" >\n\t\t\tLire plus \"\t\t<\/a>\n\n\t\t\t\t\t<\/div>\n\t\t\t\t<\/div>\n\t\t\t\t\t<\/div>\n\t\t<\/article>\n\t\t\t\t<\/div>\n\t\t\t\t\t<span class=\"e-load-more-spinner\">\n\t\t\t\t<i aria-hidden=\"true\" class=\"fas fa-spinner\"><\/i>\t\t\t<\/span>\n\t\t\n\t\t\t\t\t\t<\/div>\n\t\t\t\t<\/div>\n\t\t\t\t\t<\/div>\n\t\t\t\t<\/div>\n\t\t\t\t<\/div>\n\t\t","protected":false},"excerpt":{"rendered":"<p>Lire la suite Blog<\/p>\n","protected":false},"author":3,"featured_media":0,"parent":0,"menu_order":0,"comment_status":"closed","ping_status":"closed","template":"","meta":{"footnotes":""},"class_list":["post-1291","page","type-page","status-publish","hentry"],"_links":{"self":[{"href":"https:\/\/drmartel.ca\/fr\/wp-json\/wp\/v2\/pages\/1291","targetHints":{"allow":["GET"]}}],"collection":[{"href":"https:\/\/drmartel.ca\/fr\/wp-json\/wp\/v2\/pages"}],"about":[{"href":"https:\/\/drmartel.ca\/fr\/wp-json\/wp\/v2\/types\/page"}],"author":[{"embeddable":true,"href":"https:\/\/drmartel.ca\/fr\/wp-json\/wp\/v2\/users\/3"}],"replies":[{"embeddable":true,"href":"https:\/\/drmartel.ca\/fr\/wp-json\/wp\/v2\/comments?post=1291"}],"version-history":[{"count":3,"href":"https:\/\/drmartel.ca\/fr\/wp-json\/wp\/v2\/pages\/1291\/revisions"}],"predecessor-version":[{"id":1643,"href":"https:\/\/drmartel.ca\/fr\/wp-json\/wp\/v2\/pages\/1291\/revisions\/1643"}],"wp:attachment":[{"href":"https:\/\/drmartel.ca\/fr\/wp-json\/wp\/v2\/media?parent=1291"}],"curies":[{"name":"wp","href":"https:\/\/api.w.org\/{rel}","templated":true}]}}